{"id":197,"date":"2022-12-21T23:00:24","date_gmt":"2022-12-21T23:00:24","guid":{"rendered":"https:\/\/specspaw.com.pl\/?page_id=197"},"modified":"2026-02-03T06:29:43","modified_gmt":"2026-02-03T06:29:43","slug":"projekty","status":"publish","type":"page","link":"https:\/\/specspaw.com.pl\/de\/projekty\/","title":{"rendered":"projekte"},"content":{"rendered":"<div data-elementor-type=\"wp-page\" data-elementor-id=\"197\" class=\"elementor elementor-197\" data-elementor-post-type=\"page\">\n\t\t\t\t<div class=\"elementor-element elementor-element-a444ffe e-flex e-con-boxed elementor-invisible e-con e-parent\" data-id=\"a444ffe\" data-element_type=\"container\" data-settings=\"{&quot;animation&quot;:&quot;fadeInLeft&quot;}\">\n\t\t\t\t\t<div class=\"e-con-inner\">\n\t\t\t\t<div class=\"elementor-element elementor-element-c2fca92 elementor-widget elementor-widget-heading\" data-id=\"c2fca92\" data-element_type=\"widget\" data-widget_type=\"heading.default\">\n\t\t\t\t\t<h1 class=\"elementor-heading-title elementor-size-default\">Projekty konstrukcji przemys\u0142owych<\/h1>\t\t\t\t<\/div>\n\t\t\t\t<div class=\"elementor-element elementor-element-be463df elementor-widget__width-initial elementor-widget elementor-widget-text-editor\" data-id=\"be463df\" data-element_type=\"widget\" data-widget_type=\"text-editor.default\">\n\t\t\t\t\t\t\t\t\t<p><strong>Wenn Qualit\u00e4t z\u00e4hlt, beginnen wir mit dem Entwurf.<\/strong><br \/>Jedes Projekt ist eine pr\u00e4zise auf die konkreten Bed\u00fcrfnisse des Kunden zugeschnittene L\u00f6sung \u2013 von Beh\u00e4ltern, Anlagen und Stahlkonstruktionen bis hin zu kompletten technologischen Linien und Automatisierungssystemen.\u2028<\/p>\t\t\t\t\t\t\t\t<\/div>\n\t\t\t\t\t<\/div>\n\t\t\t\t<\/div>\n\t\t<div class=\"elementor-element elementor-element-4bef88e e-con-full e-flex e-con e-parent\" data-id=\"4bef88e\" data-element_type=\"container\">\n\t\t<div class=\"elementor-element elementor-element-da3fd45 e-con-full e-flex elementor-invisible e-con e-child\" data-id=\"da3fd45\" data-element_type=\"container\" data-settings=\"{&quot;animation&quot;:&quot;fadeInLeft&quot;}\">\n\t\t\t\t<div class=\"elementor-element elementor-element-5917eaf elementor-widget elementor-widget-image\" data-id=\"5917eaf\" data-element_type=\"widget\" data-widget_type=\"image.default\">\n\t\t\t\t\t\t\t\t\t\t\t\t\t\t\t<img fetchpriority=\"high\" decoding=\"async\" width=\"800\" height=\"636\" src=\"https:\/\/specspaw.com.pl\/wp-content\/uploads\/projekty-1024x814.webp\" class=\"attachment-large size-large wp-image-780\" alt=\"\" srcset=\"https:\/\/specspaw.com.pl\/wp-content\/uploads\/projekty-1024x814.webp 1024w, https:\/\/specspaw.com.pl\/wp-content\/uploads\/projekty-300x239.webp 300w, https:\/\/specspaw.com.pl\/wp-content\/uploads\/projekty-768x611.webp 768w, https:\/\/specspaw.com.pl\/wp-content\/uploads\/projekty-1536x1222.webp 1536w, https:\/\/specspaw.com.pl\/wp-content\/uploads\/projekty.webp 1896w\" sizes=\"(max-width: 800px) 100vw, 800px\" \/>\t\t\t\t\t\t\t\t\t\t\t\t\t\t\t<\/div>\n\t\t\t\t<\/div>\n\t\t<div class=\"elementor-element elementor-element-0b477bd e-con-full e-flex elementor-invisible e-con e-child\" data-id=\"0b477bd\" data-element_type=\"container\" data-settings=\"{&quot;background_background&quot;:&quot;classic&quot;,&quot;animation&quot;:&quot;fadeInRight&quot;}\">\n\t\t\t\t<div class=\"elementor-element elementor-element-882a5c1 elementor-widget elementor-widget-text-editor\" data-id=\"882a5c1\" data-element_type=\"widget\" data-widget_type=\"text-editor.default\">\n\t\t\t\t\t\t\t\t\t<p>Wir bei Spec Spaw glauben, dass jedes erfolgreiche Projekt mit einer Vision beginnt \u2013 und genau deshalb ist unsere Projektabteilung mehr als nur ein Team von Ingenieuren. Es sind Partner, die Ihnen dabei helfen, die Anforderungen Ihres Unternehmens in funktionale, nachhaltige und effiziente technologische L\u00f6sungen umzusetzen.<\/p>\n<p><strong>Wir entwerfen mit Blick auf Effizienz, Sicherheit und Zukunft. Unsere Projekte basieren auf:<\/strong><\/p>\n<ul>\n<li>moderne 3D-CAD-Software und fortschrittliche Modellierungswerkzeuge,<\/li>\n<li>Branchenerfahrung seit 2008 in Polen und im Ausland,<\/li>\n<li>Kenntnisse der Realit\u00e4ten der Lebensmittel-, Chemie-, Pharma- und Fertigungsindustrie.\u2028<\/li>\n<\/ul>\n<p><br \/><strong>Die Zusammenarbeit mit unserer Projektabteilung umfasst:<\/strong><\/p>\n<ul>\n<li>Zeitersparnis \u2013 schneller Informationsfluss zwischen Planung und Produktion<\/li>\n<li>Weniger Fehler \u2013 vollst\u00e4ndige Kontrolle \u00fcber jede Phase des Projekts<\/li>\n<li>Qualit\u00e4tssicherheit \u2013 Projekte entsprechen den Branchenstandards und den sanit\u00e4ren und technischen Anforderungen<\/li>\n<li>Flexibilit\u00e4t \u2013 ma\u00dfgeschneiderte L\u00f6sungen f\u00fcr Ihr Projekt<\/li>\n<\/ul>\n<p><br \/>Mit uns realisieren Sie nicht nur ein Projekt \u2013 Sie verschaffen Ihrem Unternehmen einen Wettbewerbsvorteil.<br \/>\u2028<\/p>\t\t\t\t\t\t\t\t<\/div>\n\t\t\t\t<\/div>\n\t\t\t\t<\/div>\n\t\t<div class=\"elementor-element elementor-element-ef61462 elementor-hidden-mobile e-flex e-con-boxed e-con e-parent\" data-id=\"ef61462\" data-element_type=\"container\">\n\t\t\t\t\t<div class=\"e-con-inner\">\n\t\t\t\t<div class=\"elementor-element elementor-element-ce2971f elementor-widget elementor-widget-spacer\" data-id=\"ce2971f\" data-element_type=\"widget\" data-widget_type=\"spacer.default\">\n\t\t\t\t\t\t\t<div class=\"elementor-spacer\">\n\t\t\t<div class=\"elementor-spacer-inner\"><\/div>\n\t\t<\/div>\n\t\t\t\t\t\t<\/div>\n\t\t\t\t\t<\/div>\n\t\t\t\t<\/div>\n\t\t\t\t<\/div>","protected":false},"excerpt":{"rendered":"<p>Projekty konstrukcji przemys\u0142owych Gdy liczy si\u0119 jako\u015b\u0107, zaczynamy od projektu.Ka\u017cdy projekt to precyzyjnie dopasowana odpowied\u017a na konkretne potrzeby klienta \u2013 od zbiornik\u00f3w, instalacji i konstrukcji nierdzewnych, po kompletne linie technologiczne i systemy automatyki. W Spec Spaw wierzymy, \u017ce ka\u017cdy udany projekt zaczyna si\u0119 od wizji \u2013 i w\u0142a\u015bnie dlatego nasz dzia\u0142 projektowy to co\u015b wi\u0119cej [&hellip;]<\/p>","protected":false},"author":1,"featured_media":0,"parent":0,"menu_order":0,"comment_status":"closed","ping_status":"closed","template":"elementor_header_footer","meta":{"footnotes":""},"class_list":["post-197","page","type-page","status-publish","hentry"],"_links":{"self":[{"href":"https:\/\/specspaw.com.pl\/de\/wp-json\/wp\/v2\/pages\/197","targetHints":{"allow":["GET"]}}],"collection":[{"href":"https:\/\/specspaw.com.pl\/de\/wp-json\/wp\/v2\/pages"}],"about":[{"href":"https:\/\/specspaw.com.pl\/de\/wp-json\/wp\/v2\/types\/page"}],"author":[{"embeddable":true,"href":"https:\/\/specspaw.com.pl\/de\/wp-json\/wp\/v2\/users\/1"}],"replies":[{"embeddable":true,"href":"https:\/\/specspaw.com.pl\/de\/wp-json\/wp\/v2\/comments?post=197"}],"version-history":[{"count":29,"href":"https:\/\/specspaw.com.pl\/de\/wp-json\/wp\/v2\/pages\/197\/revisions"}],"predecessor-version":[{"id":995,"href":"https:\/\/specspaw.com.pl\/de\/wp-json\/wp\/v2\/pages\/197\/revisions\/995"}],"wp:attachment":[{"href":"https:\/\/specspaw.com.pl\/de\/wp-json\/wp\/v2\/media?parent=197"}],"curies":[{"name":"wp","href":"https:\/\/api.w.org\/{rel}","templated":true}]}}