{"id":88,"date":"2022-12-21T15:53:54","date_gmt":"2022-12-21T15:53:54","guid":{"rendered":"https:\/\/specspaw.com.pl\/?page_id=88"},"modified":"2026-02-03T06:15:59","modified_gmt":"2026-02-03T06:15:59","slug":"sprzedaz","status":"publish","type":"page","link":"https:\/\/specspaw.com.pl\/en\/sprzedaz\/","title":{"rendered":"sales"},"content":{"rendered":"<div data-elementor-type=\"wp-page\" data-elementor-id=\"88\" class=\"elementor elementor-88\" data-elementor-post-type=\"page\">\n\t\t\t\t<div class=\"elementor-element elementor-element-553dcce e-flex e-con-boxed elementor-invisible e-con e-parent\" data-id=\"553dcce\" data-element_type=\"container\" data-settings=\"{&quot;background_background&quot;:&quot;classic&quot;,&quot;animation&quot;:&quot;fadeInDown&quot;}\">\n\t\t\t\t\t<div class=\"e-con-inner\">\n\t\t\t\t<div class=\"elementor-element elementor-element-31fe002 elementor-widget elementor-widget-heading\" data-id=\"31fe002\" data-element_type=\"widget\" data-widget_type=\"heading.default\">\n\t\t\t\t\t<h1 class=\"elementor-heading-title elementor-size-default\">Sales of carbon steel<br>\nand technical gases<\/h1>\t\t\t\t<\/div>\n\t\t\t\t<div class=\"elementor-element elementor-element-8f34b59 elementor-widget__width-initial elementor-widget elementor-widget-text-editor\" data-id=\"8f34b59\" data-element_type=\"widget\" data-widget_type=\"text-editor.default\">\n\t\t\t\t\t\t\t\t\t<p>Discover the potential of our materials: carbon steel and technical gases of the highest quality! We provide quick access to the necessary materials and raw materials for industry and production and service workshops.<\/p>\t\t\t\t\t\t\t\t<\/div>\n\t\t\t\t<div class=\"elementor-element elementor-element-92c11e6 elementor-widget elementor-widget-button\" data-id=\"92c11e6\" data-element_type=\"widget\" data-widget_type=\"button.default\">\n\t\t\t\t\t\t\t\t\t\t<a class=\"elementor-button elementor-button-link elementor-size-sm\" href=\"https:\/\/specspaw.com.pl\/en\/sprzedaz\/hurtownia-gazow-technicznych\/\">\n\t\t\t\t\t\t<span class=\"elementor-button-content-wrapper\">\n\t\t\t\t\t\t\t\t\t<span class=\"elementor-button-text\">Technical gases<\/span>\n\t\t\t\t\t<\/span>\n\t\t\t\t\t<\/a>\n\t\t\t\t\t\t\t\t<\/div>\n\t\t\t\t<div class=\"elementor-element elementor-element-5cc3445 elementor-widget elementor-widget-button\" data-id=\"5cc3445\" data-element_type=\"widget\" data-widget_type=\"button.default\">\n\t\t\t\t\t\t\t\t\t\t<a class=\"elementor-button elementor-button-link elementor-size-sm\" href=\"https:\/\/specspaw.com.pl\/en\/sprzedaz\/hurtownia-stali\/\">\n\t\t\t\t\t\t<span class=\"elementor-button-content-wrapper\">\n\t\t\t\t\t\t\t\t\t<span class=\"elementor-button-text\">Carbon steel<\/span>\n\t\t\t\t\t<\/span>\n\t\t\t\t\t<\/a>\n\t\t\t\t\t\t\t\t<\/div>\n\t\t\t\t\t<\/div>\n\t\t\t\t<\/div>\n\t\t<div class=\"elementor-element elementor-element-ee34e43 e-flex e-con-boxed e-con e-parent\" data-id=\"ee34e43\" data-element_type=\"container\">\n\t\t\t\t\t<div class=\"e-con-inner\">\n\t\t<div class=\"elementor-element elementor-element-30b58e0 e-con-full e-flex elementor-invisible e-con e-child\" data-id=\"30b58e0\" data-element_type=\"container\" data-settings=\"{&quot;animation&quot;:&quot;fadeInLeft&quot;}\">\n\t\t\t\t<div class=\"elementor-element elementor-element-af9be23 elementor-widget elementor-widget-image\" data-id=\"af9be23\" data-element_type=\"widget\" data-widget_type=\"image.default\">\n\t\t\t\t\t\t\t\t\t\t\t\t\t\t\t<img fetchpriority=\"high\" decoding=\"async\" width=\"800\" height=\"493\" src=\"https:\/\/specspaw.com.pl\/wp-content\/uploads\/stal-weglowa-1--1024x631.webp\" class=\"attachment-large size-large wp-image-751\" alt=\"\" srcset=\"https:\/\/specspaw.com.pl\/wp-content\/uploads\/stal-weglowa-1--1024x631.webp 1024w, https:\/\/specspaw.com.pl\/wp-content\/uploads\/stal-weglowa-1--300x185.webp 300w, https:\/\/specspaw.com.pl\/wp-content\/uploads\/stal-weglowa-1--768x473.webp 768w, https:\/\/specspaw.com.pl\/wp-content\/uploads\/stal-weglowa-1-.webp 1444w\" sizes=\"(max-width: 800px) 100vw, 800px\" \/>\t\t\t\t\t\t\t\t\t\t\t\t\t\t\t<\/div>\n\t\t\t\t<\/div>\n\t\t<div class=\"elementor-element elementor-element-628c317 e-con-full e-flex elementor-invisible e-con e-child\" data-id=\"628c317\" data-element_type=\"container\" data-settings=\"{&quot;background_background&quot;:&quot;classic&quot;,&quot;animation&quot;:&quot;fadeInRight&quot;}\">\n\t\t\t\t<div class=\"elementor-element elementor-element-810d7fe elementor-widget elementor-widget-text-editor\" data-id=\"810d7fe\" data-element_type=\"widget\" data-widget_type=\"text-editor.default\">\n\t\t\t\t\t\t\t\t\t<p><strong>Carbon steel<\/strong><\/p>\n<p>We supply high quality carbon steel, which is used in construction, welding, mechanics and the manufacture of steel structures. We offer a wide range of materials:<\/p>\n<ul>\n<li>steel sheets and plates (cold and hot-rolled)<\/li>\n<li>rods, flat bars, angle irons, channels<\/li>\n<li>tubes and steel profiles<\/li>\n<li>structural, tool and general steel<\/li>\n<\/ul>\n<p><br \/>We work with reputable suppliers and provide competitive prices, fast turnaround times and the possibility to cut materials to size. We also offer transport in the area of D\u0119bica, Tarn\u00f3w, Mielec and surroundings.<\/p>\t\t\t\t\t\t\t\t<\/div>\n\t\t\t\t<\/div>\n\t\t\t\t\t<\/div>\n\t\t\t\t<\/div>\n\t\t<div class=\"elementor-element elementor-element-3ce7c06 e-flex e-con-boxed e-con e-parent\" data-id=\"3ce7c06\" data-element_type=\"container\">\n\t\t\t\t\t<div class=\"e-con-inner\">\n\t\t<div class=\"elementor-element elementor-element-a4b3d33 e-con-full elementor-hidden-desktop e-flex elementor-invisible e-con e-child\" data-id=\"a4b3d33\" data-element_type=\"container\" data-settings=\"{&quot;animation&quot;:&quot;fadeInRight&quot;}\">\n\t\t\t\t<div class=\"elementor-element elementor-element-4336e3b elementor-widget elementor-widget-image\" data-id=\"4336e3b\" data-element_type=\"widget\" data-widget_type=\"image.default\">\n\t\t\t\t\t\t\t\t\t\t\t\t\t\t\t<img decoding=\"async\" width=\"800\" height=\"529\" src=\"https:\/\/specspaw.com.pl\/wp-content\/uploads\/stal-weglowa-2--1024x677.webp\" class=\"attachment-large size-large wp-image-752\" alt=\"\" srcset=\"https:\/\/specspaw.com.pl\/wp-content\/uploads\/stal-weglowa-2--1024x677.webp 1024w, https:\/\/specspaw.com.pl\/wp-content\/uploads\/stal-weglowa-2--300x198.webp 300w, https:\/\/specspaw.com.pl\/wp-content\/uploads\/stal-weglowa-2--768x507.webp 768w, https:\/\/specspaw.com.pl\/wp-content\/uploads\/stal-weglowa-2-.webp 1444w\" sizes=\"(max-width: 800px) 100vw, 800px\" \/>\t\t\t\t\t\t\t\t\t\t\t\t\t\t\t<\/div>\n\t\t\t\t<\/div>\n\t\t<div class=\"elementor-element elementor-element-251a718 e-con-full e-flex elementor-invisible e-con e-child\" data-id=\"251a718\" data-element_type=\"container\" data-settings=\"{&quot;background_background&quot;:&quot;classic&quot;,&quot;animation&quot;:&quot;fadeInLeft&quot;}\">\n\t\t\t\t<div class=\"elementor-element elementor-element-6a392a1 elementor-widget elementor-widget-text-editor\" data-id=\"6a392a1\" data-element_type=\"widget\" data-widget_type=\"text-editor.default\">\n\t\t\t\t\t\t\t\t\t<p><strong>Technical gases<\/strong><\/p>\n<p>As a local supplier, we provide sales and supply of industrial gases to industrial, welding and manufacturing companies. Our product range includes:<\/p>\n<ul>\n<li>technical oxygen<\/li>\n<li>acetylene<\/li>\n<li>argon<\/li>\n<li>carbon dioxide (CO\u2082)<\/li>\n<li>(CO\u2082)<\/li>\n<li>gas mixtures for MIG\/MAG welding<\/li>\n<li>nitrogen and helium (on request)<\/li>\n<\/ul>\n<p><br \/>We offer cylinder replacement and sales, as well as the possibility of permanent cooperation for cyclical deliveries. We ensure safety, timeliness and compliance with current standards.<\/p>\t\t\t\t\t\t\t\t<\/div>\n\t\t\t\t<\/div>\n\t\t<div class=\"elementor-element elementor-element-915ab67 e-con-full elementor-hidden-tablet elementor-hidden-mobile e-flex elementor-invisible e-con e-child\" data-id=\"915ab67\" data-element_type=\"container\" data-settings=\"{&quot;animation&quot;:&quot;fadeInRight&quot;}\">\n\t\t\t\t<div class=\"elementor-element elementor-element-54860a6 elementor-widget elementor-widget-image\" data-id=\"54860a6\" data-element_type=\"widget\" data-widget_type=\"image.default\">\n\t\t\t\t\t\t\t\t\t\t\t\t\t\t\t<img decoding=\"async\" width=\"800\" height=\"529\" src=\"https:\/\/specspaw.com.pl\/wp-content\/uploads\/stal-weglowa-2--1024x677.webp\" class=\"attachment-large size-large wp-image-752\" alt=\"\" srcset=\"https:\/\/specspaw.com.pl\/wp-content\/uploads\/stal-weglowa-2--1024x677.webp 1024w, https:\/\/specspaw.com.pl\/wp-content\/uploads\/stal-weglowa-2--300x198.webp 300w, https:\/\/specspaw.com.pl\/wp-content\/uploads\/stal-weglowa-2--768x507.webp 768w, https:\/\/specspaw.com.pl\/wp-content\/uploads\/stal-weglowa-2-.webp 1444w\" sizes=\"(max-width: 800px) 100vw, 800px\" \/>\t\t\t\t\t\t\t\t\t\t\t\t\t\t\t<\/div>\n\t\t\t\t<\/div>\n\t\t\t\t\t<\/div>\n\t\t\t\t<\/div>\n\t\t<div class=\"elementor-element elementor-element-3acb0ce e-flex e-con-boxed e-con e-parent\" data-id=\"3acb0ce\" data-element_type=\"container\">\n\t\t\t\t\t<div class=\"e-con-inner\">\n\t\t\t\t<div class=\"elementor-element elementor-element-b513e4a elementor-widget elementor-widget-spacer\" data-id=\"b513e4a\" data-element_type=\"widget\" data-widget_type=\"spacer.default\">\n\t\t\t\t\t\t\t<div class=\"elementor-spacer\">\n\t\t\t<div class=\"elementor-spacer-inner\"><\/div>\n\t\t<\/div>\n\t\t\t\t\t\t<\/div>\n\t\t\t\t\t<\/div>\n\t\t\t\t<\/div>\n\t\t\t\t<\/div>","protected":false},"excerpt":{"rendered":"<p>Sprzeda\u017c stali w\u0119glowej i gaz\u00f3w technicznych Odkryj potencja\u0142 naszych materia\u0142\u00f3w: stal w\u0119glowa i\u00a0gazy techniczne najwy\u017cszej jako\u015bci! Zapewniamy szybki dost\u0119p do niezb\u0119dnych materia\u0142\u00f3w i surowc\u00f3w dla przemys\u0142u oraz warsztat\u00f3w produkcyjnych i us\u0142ugowych. Gazy techniczne Stal w\u0119glowa Stal w\u0119glowa Dostarczamy wysokiej jako\u015bci stal w\u0119glow\u0105, kt\u00f3ra znajduje zastosowanie w budownictwie, spawalnictwie, mechanice oraz produkcji konstrukcji stalowych. Oferujemy szeroki [&hellip;]<\/p>","protected":false},"author":1,"featured_media":0,"parent":0,"menu_order":0,"comment_status":"closed","ping_status":"closed","template":"elementor_header_footer","meta":{"footnotes":""},"class_list":["post-88","page","type-page","status-publish","hentry"],"_links":{"self":[{"href":"https:\/\/specspaw.com.pl\/en\/wp-json\/wp\/v2\/pages\/88","targetHints":{"allow":["GET"]}}],"collection":[{"href":"https:\/\/specspaw.com.pl\/en\/wp-json\/wp\/v2\/pages"}],"about":[{"href":"https:\/\/specspaw.com.pl\/en\/wp-json\/wp\/v2\/types\/page"}],"author":[{"embeddable":true,"href":"https:\/\/specspaw.com.pl\/en\/wp-json\/wp\/v2\/users\/1"}],"replies":[{"embeddable":true,"href":"https:\/\/specspaw.com.pl\/en\/wp-json\/wp\/v2\/comments?post=88"}],"version-history":[{"count":38,"href":"https:\/\/specspaw.com.pl\/en\/wp-json\/wp\/v2\/pages\/88\/revisions"}],"predecessor-version":[{"id":986,"href":"https:\/\/specspaw.com.pl\/en\/wp-json\/wp\/v2\/pages\/88\/revisions\/986"}],"wp:attachment":[{"href":"https:\/\/specspaw.com.pl\/en\/wp-json\/wp\/v2\/media?parent=88"}],"curies":[{"name":"wp","href":"https:\/\/api.w.org\/{rel}","templated":true}]}}