{"id":92,"date":"2022-12-21T15:54:15","date_gmt":"2022-12-21T15:54:15","guid":{"rendered":"https:\/\/specspaw.com.pl\/?page_id=92"},"modified":"2026-02-03T06:28:23","modified_gmt":"2026-02-03T06:28:23","slug":"konstrukcje","status":"publish","type":"page","link":"https:\/\/specspaw.com.pl\/en\/konstrukcje\/","title":{"rendered":"Konstrukcje stalowe"},"content":{"rendered":"<div data-elementor-type=\"wp-page\" data-elementor-id=\"92\" class=\"elementor elementor-92\" data-elementor-post-type=\"page\">\n\t\t\t\t<div class=\"elementor-element elementor-element-933aa32 e-flex e-con-boxed elementor-invisible e-con e-parent\" data-id=\"933aa32\" data-element_type=\"container\" data-settings=\"{&quot;background_background&quot;:&quot;classic&quot;,&quot;animation&quot;:&quot;fadeInDown&quot;}\">\n\t\t\t\t\t<div class=\"e-con-inner\">\n\t\t\t\t<div class=\"elementor-element elementor-element-73c96d4 elementor-widget elementor-widget-heading\" data-id=\"73c96d4\" data-element_type=\"widget\" data-widget_type=\"heading.default\">\n\t\t\t\t\t<h1 class=\"elementor-heading-title elementor-size-default\">Konstrukcje przemys\u0142owe<\/h1>\t\t\t\t<\/div>\n\t\t\t\t<div class=\"elementor-element elementor-element-c3934c6 elementor-widget__width-initial elementor-widget elementor-widget-text-editor\" data-id=\"c3934c6\" data-element_type=\"widget\" data-widget_type=\"text-editor.default\">\n\t\t\t\t\t\t\t\t\t<p><strong>Our steel structures are designed for maximum functionality, durability and aesthetics, and we carry out each project with full commitment - from concept to installation.<\/strong> We serve clients from all over Poland and the European market, providing comprehensive investment services.<\/p>\t\t\t\t\t\t\t\t<\/div>\n\t\t\t\t\t<\/div>\n\t\t\t\t<\/div>\n\t\t<div class=\"elementor-element elementor-element-9e79e83 e-flex e-con-boxed elementor-invisible e-con e-parent\" data-id=\"9e79e83\" data-element_type=\"container\" data-settings=\"{&quot;animation&quot;:&quot;fadeInUp&quot;}\">\n\t\t\t\t\t<div class=\"e-con-inner\">\n\t\t\t\t<div class=\"elementor-element elementor-element-03a91ff elementor-widget elementor-widget-text-editor\" data-id=\"03a91ff\" data-element_type=\"widget\" data-widget_type=\"text-editor.default\">\n\t\t\t\t\t\t\t\t\t<p>At Spec Spaw, we specialise in the design and manufacture of stainless steel structures, which are a key component of modern manufacturing and processing plants. Our realisations are used in industries where quality, cleanliness and corrosion resistance are of key importance - including the food, chemical, pharmaceutical and cosmetic industries.<\/p>\n<p><strong>What do we offer?<\/strong><\/p>\n<ul>\n<li>Platforms, platforms and technological stairs<\/li>\n<li>Supporting structures for tanks and machines<\/li>\n<li>Enclosures and protection of technological installations<\/li>\n<li>Elements of production lines made according to the customer's requirements<\/li>\n<li>Assembly and prefabrication on site or in our plant\u2028<br \/>\u2028<\/li>\n<\/ul>\t\t\t\t\t\t\t\t<\/div>\n\t\t\t\t\t<\/div>\n\t\t\t\t<\/div>\n\t\t<div class=\"elementor-element elementor-element-d93f831 e-con-full e-flex elementor-invisible e-con e-parent\" data-id=\"d93f831\" data-element_type=\"container\" data-settings=\"{&quot;animation&quot;:&quot;fadeInUp&quot;}\">\n\t\t\t\t<div class=\"elementor-element elementor-element-be923fd elementor-pagination-type-bullets elementor-pagination-position-outside elementor-widget elementor-widget-n-carousel\" data-id=\"be923fd\" data-element_type=\"widget\" data-settings=\"{&quot;carousel_items&quot;:[{&quot;slide_title&quot;:&quot;Slide #1&quot;,&quot;_id&quot;:&quot;d893e97&quot;},{&quot;slide_title&quot;:&quot;Slide #2&quot;,&quot;_id&quot;:&quot;8eaaf15&quot;},{&quot;slide_title&quot;:&quot;Slide #3&quot;,&quot;_id&quot;:&quot;077a227&quot;},{&quot;slide_title&quot;:&quot;Slide #4&quot;,&quot;_id&quot;:&quot;3beff3d&quot;},{&quot;slide_title&quot;:&quot;Slide #5&quot;,&quot;_id&quot;:&quot;e3f475e&quot;}],&quot;autoplay_speed&quot;:2000,&quot;offset_sides&quot;:&quot;both&quot;,&quot;slides_to_show_tablet&quot;:&quot;2&quot;,&quot;slides_to_show_mobile&quot;:&quot;1&quot;,&quot;autoplay&quot;:&quot;yes&quot;,&quot;pause_on_hover&quot;:&quot;yes&quot;,&quot;pause_on_interaction&quot;:&quot;yes&quot;,&quot;infinite&quot;:&quot;yes&quot;,&quot;speed&quot;:500,&quot;offset_width&quot;:{&quot;unit&quot;:&quot;px&quot;,&quot;size&quot;:80,&quot;sizes&quot;:[]},&quot;offset_width_tablet&quot;:{&quot;unit&quot;:&quot;px&quot;,&quot;size&quot;:&quot;&quot;,&quot;sizes&quot;:[]},&quot;offset_width_mobile&quot;:{&quot;unit&quot;:&quot;px&quot;,&quot;size&quot;:&quot;&quot;,&quot;sizes&quot;:[]},&quot;pagination&quot;:&quot;bullets&quot;,&quot;image_spacing_custom&quot;:{&quot;unit&quot;:&quot;px&quot;,&quot;size&quot;:10,&quot;sizes&quot;:[]},&quot;image_spacing_custom_tablet&quot;:{&quot;unit&quot;:&quot;px&quot;,&quot;size&quot;:&quot;&quot;,&quot;sizes&quot;:[]},&quot;image_spacing_custom_mobile&quot;:{&quot;unit&quot;:&quot;px&quot;,&quot;size&quot;:&quot;&quot;,&quot;sizes&quot;:[]}}\" data-widget_type=\"nested-carousel.default\">\n\t\t\t\t\t\t\t<div class=\"e-n-carousel swiper\" role=\"region\" aria-roledescription=\"carousel\" aria-label=\"Carousel\" dir=\"ltr\">\n\t\t\t<div class=\"swiper-wrapper\" aria-live=\"off\">\n\t\t\t\t\t\t\t\t\t\t<div class=\"swiper-slide\" data-slide=\"1\" role=\"group\" aria-roledescription=\"slide\" aria-label=\"1 of 5\" data-no-translation-aria-label=\"\">\n\t\t\t\t\t\t\t<div class=\"elementor-element elementor-element-8f5fc3d e-flex e-con-boxed e-con e-child\" data-id=\"8f5fc3d\" data-element_type=\"container\">\n\t\t\t\t\t<div class=\"e-con-inner\">\n\t\t\t\t<div class=\"elementor-element elementor-element-066ba26 elementor-widget elementor-widget-image\" data-id=\"066ba26\" data-element_type=\"widget\" data-widget_type=\"image.default\">\n\t\t\t\t\t\t\t\t\t\t\t\t\t\t\t<img fetchpriority=\"high\" decoding=\"async\" width=\"1922\" height=\"1146\" src=\"https:\/\/specspaw.com.pl\/wp-content\/uploads\/konstrukcje-1.webp\" class=\"attachment-full size-full wp-image-732\" alt=\"\" srcset=\"https:\/\/specspaw.com.pl\/wp-content\/uploads\/konstrukcje-1.webp 1922w, https:\/\/specspaw.com.pl\/wp-content\/uploads\/konstrukcje-1-300x179.webp 300w, https:\/\/specspaw.com.pl\/wp-content\/uploads\/konstrukcje-1-1024x611.webp 1024w, https:\/\/specspaw.com.pl\/wp-content\/uploads\/konstrukcje-1-768x458.webp 768w, https:\/\/specspaw.com.pl\/wp-content\/uploads\/konstrukcje-1-1536x916.webp 1536w\" sizes=\"(max-width: 1922px) 100vw, 1922px\" \/>\t\t\t\t\t\t\t\t\t\t\t\t\t\t\t<\/div>\n\t\t\t\t\t<\/div>\n\t\t\t\t<\/div>\n\t\t\t\t\t\t\t\t<\/div>\n\t\t\t\t\t\t\t\t\t\t\t<div class=\"swiper-slide\" data-slide=\"2\" role=\"group\" aria-roledescription=\"slide\" aria-label=\"2 of 5\" data-no-translation-aria-label=\"\">\n\t\t\t\t\t\t\t<div class=\"elementor-element elementor-element-b8b7926 e-flex e-con-boxed e-con e-child\" data-id=\"b8b7926\" data-element_type=\"container\">\n\t\t\t\t\t<div class=\"e-con-inner\">\n\t\t\t\t<div class=\"elementor-element elementor-element-44d03ff elementor-widget elementor-widget-image\" data-id=\"44d03ff\" data-element_type=\"widget\" data-widget_type=\"image.default\">\n\t\t\t\t\t\t\t\t\t\t\t\t\t\t\t<img decoding=\"async\" width=\"1922\" height=\"1146\" src=\"https:\/\/specspaw.com.pl\/wp-content\/uploads\/konstrukcje-5.webp\" class=\"attachment-full size-full wp-image-731\" alt=\"\" srcset=\"https:\/\/specspaw.com.pl\/wp-content\/uploads\/konstrukcje-5.webp 1922w, https:\/\/specspaw.com.pl\/wp-content\/uploads\/konstrukcje-5-300x179.webp 300w, https:\/\/specspaw.com.pl\/wp-content\/uploads\/konstrukcje-5-1024x611.webp 1024w, https:\/\/specspaw.com.pl\/wp-content\/uploads\/konstrukcje-5-768x458.webp 768w, https:\/\/specspaw.com.pl\/wp-content\/uploads\/konstrukcje-5-1536x916.webp 1536w\" sizes=\"(max-width: 1922px) 100vw, 1922px\" \/>\t\t\t\t\t\t\t\t\t\t\t\t\t\t\t<\/div>\n\t\t\t\t\t<\/div>\n\t\t\t\t<\/div>\n\t\t\t\t\t\t\t\t<\/div>\n\t\t\t\t\t\t\t\t\t\t\t<div class=\"swiper-slide\" data-slide=\"3\" role=\"group\" aria-roledescription=\"slide\" aria-label=\"3 of 5\" data-no-translation-aria-label=\"\">\n\t\t\t\t\t\t\t<div class=\"elementor-element elementor-element-9eb31ec e-flex e-con-boxed e-con e-child\" data-id=\"9eb31ec\" data-element_type=\"container\">\n\t\t\t\t\t<div class=\"e-con-inner\">\n\t\t\t\t<div class=\"elementor-element elementor-element-3688bbd elementor-widget elementor-widget-image\" data-id=\"3688bbd\" data-element_type=\"widget\" data-widget_type=\"image.default\">\n\t\t\t\t\t\t\t\t\t\t\t\t\t\t\t<img decoding=\"async\" width=\"1922\" height=\"1146\" src=\"https:\/\/specspaw.com.pl\/wp-content\/uploads\/konstrukcje-3.webp\" class=\"attachment-full size-full wp-image-729\" alt=\"\" srcset=\"https:\/\/specspaw.com.pl\/wp-content\/uploads\/konstrukcje-3.webp 1922w, https:\/\/specspaw.com.pl\/wp-content\/uploads\/konstrukcje-3-300x179.webp 300w, https:\/\/specspaw.com.pl\/wp-content\/uploads\/konstrukcje-3-1024x611.webp 1024w, https:\/\/specspaw.com.pl\/wp-content\/uploads\/konstrukcje-3-768x458.webp 768w, https:\/\/specspaw.com.pl\/wp-content\/uploads\/konstrukcje-3-1536x916.webp 1536w\" sizes=\"(max-width: 1922px) 100vw, 1922px\" \/>\t\t\t\t\t\t\t\t\t\t\t\t\t\t\t<\/div>\n\t\t\t\t\t<\/div>\n\t\t\t\t<\/div>\n\t\t\t\t\t\t\t\t<\/div>\n\t\t\t\t\t\t\t\t\t\t\t<div class=\"swiper-slide\" data-slide=\"4\" role=\"group\" aria-roledescription=\"slide\" aria-label=\"4 of 5\" data-no-translation-aria-label=\"\">\n\t\t\t\t\t\t\t<div class=\"elementor-element elementor-element-502c9ff e-flex e-con-boxed e-con e-child\" data-id=\"502c9ff\" data-element_type=\"container\">\n\t\t\t\t\t<div class=\"e-con-inner\">\n\t\t\t\t<div class=\"elementor-element elementor-element-505d466 elementor-widget elementor-widget-image\" data-id=\"505d466\" data-element_type=\"widget\" data-widget_type=\"image.default\">\n\t\t\t\t\t\t\t\t\t\t\t\t\t\t\t<img loading=\"lazy\" decoding=\"async\" width=\"1922\" height=\"1146\" src=\"https:\/\/specspaw.com.pl\/wp-content\/uploads\/konstrukcje-2.webp\" class=\"attachment-full size-full wp-image-733\" alt=\"\" srcset=\"https:\/\/specspaw.com.pl\/wp-content\/uploads\/konstrukcje-2.webp 1922w, https:\/\/specspaw.com.pl\/wp-content\/uploads\/konstrukcje-2-300x179.webp 300w, https:\/\/specspaw.com.pl\/wp-content\/uploads\/konstrukcje-2-1024x611.webp 1024w, https:\/\/specspaw.com.pl\/wp-content\/uploads\/konstrukcje-2-768x458.webp 768w, https:\/\/specspaw.com.pl\/wp-content\/uploads\/konstrukcje-2-1536x916.webp 1536w\" sizes=\"(max-width: 1922px) 100vw, 1922px\" \/>\t\t\t\t\t\t\t\t\t\t\t\t\t\t\t<\/div>\n\t\t\t\t\t<\/div>\n\t\t\t\t<\/div>\n\t\t\t\t\t\t\t\t<\/div>\n\t\t\t\t\t\t\t\t\t\t\t<div class=\"swiper-slide\" data-slide=\"5\" role=\"group\" aria-roledescription=\"slide\" aria-label=\"5 of 5\" data-no-translation-aria-label=\"\">\n\t\t\t\t\t\t\t<div class=\"elementor-element elementor-element-65c362c e-flex e-con-boxed e-con e-child\" data-id=\"65c362c\" data-element_type=\"container\">\n\t\t\t\t\t<div class=\"e-con-inner\">\n\t\t\t\t<div class=\"elementor-element elementor-element-0276246 elementor-widget elementor-widget-image\" data-id=\"0276246\" data-element_type=\"widget\" data-widget_type=\"image.default\">\n\t\t\t\t\t\t\t\t\t\t\t\t\t\t\t<img loading=\"lazy\" decoding=\"async\" width=\"1922\" height=\"1146\" src=\"https:\/\/specspaw.com.pl\/wp-content\/uploads\/konstrukcje-4.webp\" class=\"attachment-full size-full wp-image-730\" alt=\"\" srcset=\"https:\/\/specspaw.com.pl\/wp-content\/uploads\/konstrukcje-4.webp 1922w, https:\/\/specspaw.com.pl\/wp-content\/uploads\/konstrukcje-4-300x179.webp 300w, https:\/\/specspaw.com.pl\/wp-content\/uploads\/konstrukcje-4-1024x611.webp 1024w, https:\/\/specspaw.com.pl\/wp-content\/uploads\/konstrukcje-4-768x458.webp 768w, https:\/\/specspaw.com.pl\/wp-content\/uploads\/konstrukcje-4-1536x916.webp 1536w\" sizes=\"(max-width: 1922px) 100vw, 1922px\" \/>\t\t\t\t\t\t\t\t\t\t\t\t\t\t\t<\/div>\n\t\t\t\t\t<\/div>\n\t\t\t\t<\/div>\n\t\t\t\t\t\t\t\t<\/div>\n\t\t\t\t\t\t\t\t<\/div>\n\t\t<\/div>\n\t\t\t\t\t<div class=\"swiper-pagination\"><\/div>\n\t\t\t\t\t\t<\/div>\n\t\t\t\t<\/div>\n\t\t<div class=\"elementor-element elementor-element-27042db e-flex e-con-boxed e-con e-parent\" data-id=\"27042db\" data-element_type=\"container\" data-settings=\"{&quot;background_background&quot;:&quot;classic&quot;}\">\n\t\t\t\t\t<div class=\"e-con-inner\">\n\t\t<div class=\"elementor-element elementor-element-31ded5d e-con-full e-flex elementor-invisible e-con e-child\" data-id=\"31ded5d\" data-element_type=\"container\" data-settings=\"{&quot;background_background&quot;:&quot;classic&quot;,&quot;animation&quot;:&quot;fadeInLeft&quot;}\">\n\t\t\t\t<div class=\"elementor-element elementor-element-9b7e0b1 elementor-widget elementor-widget-text-editor\" data-id=\"9b7e0b1\" data-element_type=\"widget\" data-widget_type=\"text-editor.default\">\n\t\t\t\t\t\t\t\t\t<p><strong>Why choose <\/strong><strong>Spec Spaw?<\/strong><\/p>\n<ul>\n<li>more than 15 years of experience in the industry,<\/li>\n<li>own production and prefabrication,<\/li>\n<li>flexible approach to customers,<\/li>\n<li>fast delivery and technical support,<\/li>\n<li>competitive prices and quality confirmed by certificates,<\/li>\n<li>own design department (internal)<\/li>\n<\/ul>\t\t\t\t\t\t\t\t<\/div>\n\t\t\t\t<\/div>\n\t\t<div class=\"elementor-element elementor-element-a891860 e-con-full e-flex elementor-invisible e-con e-child\" data-id=\"a891860\" data-element_type=\"container\" data-settings=\"{&quot;background_background&quot;:&quot;classic&quot;,&quot;animation&quot;:&quot;fadeInUp&quot;}\">\n\t\t\t\t<div class=\"elementor-element elementor-element-b805e11 elementor-widget elementor-widget-text-editor\" data-id=\"b805e11\" data-element_type=\"widget\" data-widget_type=\"text-editor.default\">\n\t\t\t\t\t\t\t\t\t<p><strong>Terms of reference for employees<\/strong><\/p>\n<ul>\n<li><strong>TVV:<\/strong> TIG 141 BW 85L5.0 D60H-L 045 ss nb.<br \/><br \/><\/li>\n<li><strong>TVV:<\/strong> MIG 135T BW 1.2 st 13D 139H-L045 ss nb.<br \/><br \/><\/li>\n<li><strong>IS:<\/strong> TIG 141P FW 8.1 st 5PB mL\u2028<\/li>\n<\/ul>\n<p><br \/>Our experience in developing technological solutions guarantees the highest quality of our services.<\/p>\t\t\t\t\t\t\t\t<\/div>\n\t\t\t\t<\/div>\n\t\t<div class=\"elementor-element elementor-element-7c5f36d e-con-full e-flex elementor-invisible e-con e-child\" data-id=\"7c5f36d\" data-element_type=\"container\" data-settings=\"{&quot;background_background&quot;:&quot;classic&quot;,&quot;animation&quot;:&quot;fadeInRight&quot;}\">\n\t\t\t\t<div class=\"elementor-element elementor-element-ebaac05 elementor-widget elementor-widget-text-editor\" data-id=\"ebaac05\" data-element_type=\"widget\" data-widget_type=\"text-editor.default\">\n\t\t\t\t\t\t\t\t\t<p><strong>ISO-certified quality<\/strong><\/p>\n<ul>\n<li>ISO 9001 - Quality management system.<\/li>\n<li>ISO 3834 - Quality requirements for welding metallic materials.<\/li>\n<li>EN 1090 - Certification for the production of structural steel components.<\/li>\n<\/ul>\n<p><br \/>We carry out projects in accordance with the strict standards in force in the European Union and outside the EU.<\/p>\t\t\t\t\t\t\t\t<\/div>\n\t\t\t\t<\/div>\n\t\t\t\t\t<\/div>\n\t\t\t\t<\/div>\n\t\t<div class=\"elementor-element elementor-element-71cce3c elementor-hidden-mobile e-flex e-con-boxed e-con e-parent\" data-id=\"71cce3c\" data-element_type=\"container\">\n\t\t\t\t\t<div class=\"e-con-inner\">\n\t\t\t\t<div class=\"elementor-element elementor-element-433beba elementor-widget elementor-widget-spacer\" data-id=\"433beba\" data-element_type=\"widget\" data-widget_type=\"spacer.default\">\n\t\t\t\t\t\t\t<div class=\"elementor-spacer\">\n\t\t\t<div class=\"elementor-spacer-inner\"><\/div>\n\t\t<\/div>\n\t\t\t\t\t\t<\/div>\n\t\t\t\t\t<\/div>\n\t\t\t\t<\/div>\n\t\t\t\t<\/div>","protected":false},"excerpt":{"rendered":"<p>Konstrukcje przemys\u0142owe Nasze konstrukcje nierdzewne s\u0105 projektowane z my\u015bl\u0105 o maksymalnej funkcjonalno\u015bci, trwa\u0142o\u015bci i estetyce, a ka\u017cdy projekt realizujemy z pe\u0142nym zaanga\u017cowaniem \u2013 od koncepcji po monta\u017c. Obs\u0142ugujemy klient\u00f3w z ca\u0142ej Polski oraz rynku europejskiego, zapewniaj\u0105c kompleksow\u0105 obs\u0142ug\u0119 inwestycji. W Spec Spaw specjalizujemy si\u0119 w projektowaniu i wykonawstwie konstrukcji ze stali nierdzewnej, kt\u00f3re stanowi\u0105 kluczowy [&hellip;]<\/p>","protected":false},"author":1,"featured_media":0,"parent":0,"menu_order":0,"comment_status":"closed","ping_status":"closed","template":"elementor_header_footer","meta":{"footnotes":""},"class_list":["post-92","page","type-page","status-publish","hentry"],"_links":{"self":[{"href":"https:\/\/specspaw.com.pl\/en\/wp-json\/wp\/v2\/pages\/92","targetHints":{"allow":["GET"]}}],"collection":[{"href":"https:\/\/specspaw.com.pl\/en\/wp-json\/wp\/v2\/pages"}],"about":[{"href":"https:\/\/specspaw.com.pl\/en\/wp-json\/wp\/v2\/types\/page"}],"author":[{"embeddable":true,"href":"https:\/\/specspaw.com.pl\/en\/wp-json\/wp\/v2\/users\/1"}],"replies":[{"embeddable":true,"href":"https:\/\/specspaw.com.pl\/en\/wp-json\/wp\/v2\/comments?post=92"}],"version-history":[{"count":33,"href":"https:\/\/specspaw.com.pl\/en\/wp-json\/wp\/v2\/pages\/92\/revisions"}],"predecessor-version":[{"id":979,"href":"https:\/\/specspaw.com.pl\/en\/wp-json\/wp\/v2\/pages\/92\/revisions\/979"}],"wp:attachment":[{"href":"https:\/\/specspaw.com.pl\/en\/wp-json\/wp\/v2\/media?parent=92"}],"curies":[{"name":"wp","href":"https:\/\/api.w.org\/{rel}","templated":true}]}}